{"id":539,"date":"2023-06-05T09:45:22","date_gmt":"2023-06-05T07:45:22","guid":{"rendered":"https:\/\/relaxfv.com\/inicio\/"},"modified":"2023-10-03T18:52:16","modified_gmt":"2023-10-03T16:52:16","slug":"entry-page","status":"publish","type":"page","link":"https:\/\/relaxfv.com\/de\/","title":{"rendered":"Entry Page"},"content":{"rendered":"\t\t<div data-elementor-type=\"wp-page\" data-elementor-id=\"539\" class=\"elementor elementor-539 elementor-2\" data-elementor-post-type=\"page\">\n\t\t\t\t\t\t<section class=\"elementor-section elementor-top-section elementor-element elementor-element-18d60cf elementor-section-full_width elementor-section-height-default elementor-section-height-default\" data-id=\"18d60cf\" data-element_type=\"section\">\n\t\t\t\t\t\t<div class=\"elementor-container elementor-column-gap-default\">\n\t\t\t\t\t<div class=\"elementor-column elementor-col-100 elementor-top-column elementor-element elementor-element-749a629\" data-id=\"749a629\" data-element_type=\"column\">\n\t\t\t<div class=\"elementor-widget-wrap elementor-element-populated\">\n\t\t\t\t\t\t<div class=\"elementor-element elementor-element-8584b53 elementor--h-position-center elementor--v-position-middle elementor-widget elementor-widget-slides\" data-id=\"8584b53\" data-element_type=\"widget\" data-settings=\"{&quot;navigation&quot;:&quot;none&quot;,&quot;autoplay_speed&quot;:3000,&quot;autoplay&quot;:&quot;yes&quot;,&quot;pause_on_hover&quot;:&quot;yes&quot;,&quot;pause_on_interaction&quot;:&quot;yes&quot;,&quot;infinite&quot;:&quot;yes&quot;,&quot;transition&quot;:&quot;slide&quot;,&quot;transition_speed&quot;:500}\" data-widget_type=\"slides.default\">\n\t\t\t\t<div class=\"elementor-widget-container\">\n\t\t\t\t\t\t\t<div class=\"elementor-swiper\">\n\t\t\t<div class=\"elementor-slides-wrapper elementor-main-swiper swiper-container\" dir=\"ltr\" data-animation=\"\">\n\t\t\t\t<div class=\"swiper-wrapper elementor-slides\">\n\t\t\t\t\t\t\t\t\t\t<div class=\"elementor-repeater-item-f1c25ae swiper-slide\"><div class=\"swiper-slide-bg\" role=\"img\"><\/div><div class=\"swiper-slide-inner\" ><div class=\"swiper-slide-contents\"><div class=\"elementor-slide-heading\">Relax<\/div><div class=\"elementor-slide-description\"><p>daf\u00fcr stehen wir!<\/p>\n<\/div><div  class=\"elementor-button elementor-slide-button elementor-size-sm\">Unsere Partner k\u00f6nnen sich zur\u00fccklehnen \u2013 relaxen.<\/div><\/div><\/div><\/div><div class=\"elementor-repeater-item-c9581dd swiper-slide\"><div class=\"swiper-slide-bg\" role=\"img\"><\/div><div class=\"swiper-slide-inner\" ><div class=\"swiper-slide-contents\"><div class=\"elementor-slide-heading\">Relax<\/div><div class=\"elementor-slide-description\"><p>daf\u00fcr stehen wir!<\/p>\n<\/div><div  class=\"elementor-button elementor-slide-button elementor-size-sm\">Unsere Partner k\u00f6nnen sich zur\u00fccklehnen \u2013 relaxen.<\/div><\/div><\/div><\/div><div class=\"elementor-repeater-item-990d472 swiper-slide\"><div class=\"swiper-slide-bg\" role=\"img\"><\/div><div class=\"swiper-slide-inner\" ><div class=\"swiper-slide-contents\"><div class=\"elementor-slide-heading\">Relax<\/div><div class=\"elementor-slide-description\"><p>daf\u00fcr stehen wir!<\/p>\n<\/div><div  class=\"elementor-button elementor-slide-button elementor-size-sm\">Unsere Partner k\u00f6nnen sich zur\u00fccklehnen \u2013 relaxen.<\/div><\/div><\/div><\/div><div class=\"elementor-repeater-item-bf13ef0 swiper-slide\"><div class=\"swiper-slide-bg\" role=\"img\"><\/div><div class=\"swiper-slide-inner\" ><div class=\"swiper-slide-contents\"><div class=\"elementor-slide-heading\">Relax<\/div><div class=\"elementor-slide-description\"><p>daf\u00fcr stehen wir!<\/p>\n<\/div><div  class=\"elementor-button elementor-slide-button elementor-size-sm\">Unsere Partner k\u00f6nnen sich zur\u00fccklehnen \u2013 relaxen.<\/div><\/div><\/div><\/div>\t\t\t\t<\/div>\n\t\t\t\t\t\t\t\t\t\t\t\t\t\t\t\t\t\t\t\t\t<\/div>\n\t\t<\/div>\n\t\t\t\t\t\t<\/div>\n\t\t\t\t<\/div>\n\t\t\t\t\t<\/div>\n\t\t<\/div>\n\t\t\t\t\t<\/div>\n\t\t<\/section>\n\t\t\t\t<section class=\"elementor-section elementor-top-section elementor-element elementor-element-ab1a187 elementor-section-full_width elementor-section-height-default elementor-section-height-default\" data-id=\"ab1a187\" data-element_type=\"section\" data-settings=\"{&quot;background_background&quot;:&quot;classic&quot;}\">\n\t\t\t\t\t\t<div class=\"elementor-container elementor-column-gap-default\">\n\t\t\t\t\t<div class=\"elementor-column elementor-col-16 elementor-top-column elementor-element elementor-element-41a53c5\" data-id=\"41a53c5\" data-element_type=\"column\">\n\t\t\t<div class=\"elementor-widget-wrap\">\n\t\t\t\t\t\t\t<\/div>\n\t\t<\/div>\n\t\t\t\t<div class=\"elementor-column elementor-col-66 elementor-top-column elementor-element elementor-element-1fce094\" data-id=\"1fce094\" data-element_type=\"column\">\n\t\t\t<div class=\"elementor-widget-wrap elementor-element-populated\">\n\t\t\t\t\t\t<div class=\"elementor-element elementor-element-5b4c40f elementor-invisible elementor-widget elementor-widget-text-editor\" data-id=\"5b4c40f\" data-element_type=\"widget\" data-settings=\"{&quot;_animation&quot;:&quot;fadeInUp&quot;}\" data-widget_type=\"text-editor.default\">\n\t\t\t\t<div class=\"elementor-widget-container\">\n\t\t\t\t\t\t\t\t\t<p><span style=\"font-weight: 400;\">Denn wir sind ihr <strong>zuverl\u00e4ssiger<\/strong> Partner f\u00fcr Obst und Gem\u00fcse, gefrorener Ware und innovativen veganen Produkten f\u00fcr den <strong>europ\u00e4ischen Markt<\/strong>.<\/span><\/p>\t\t\t\t\t\t\t\t<\/div>\n\t\t\t\t<\/div>\n\t\t\t\t<section class=\"elementor-section elementor-inner-section elementor-element elementor-element-5588916 elementor-section-boxed elementor-section-height-default elementor-section-height-default\" data-id=\"5588916\" data-element_type=\"section\">\n\t\t\t\t\t\t<div class=\"elementor-container elementor-column-gap-default\">\n\t\t\t\t\t<div class=\"elementor-column elementor-col-100 elementor-inner-column elementor-element elementor-element-71e7888\" data-id=\"71e7888\" data-element_type=\"column\">\n\t\t\t<div class=\"elementor-widget-wrap elementor-element-populated\">\n\t\t\t\t\t\t<div class=\"elementor-element elementor-element-9806ec3 elementor-invisible elementor-widget elementor-widget-image\" data-id=\"9806ec3\" data-element_type=\"widget\" data-settings=\"{&quot;_animation&quot;:&quot;fadeInUp&quot;}\" data-widget_type=\"image.default\">\n\t\t\t\t<div class=\"elementor-widget-container\">\n\t\t\t\t\t\t\t\t\t\t\t\t\t\t\t<img fetchpriority=\"high\" decoding=\"async\" width=\"844\" height=\"227\" src=\"data:image\/gif;base64,R0lGODlhAQABAIAAAAAAAP\/\/\/yH5BAEAAAAALAAAAAABAAEAAAIBRAA7\" data-src=\"https:\/\/relaxfv.com\/wp-content\/uploads\/2023\/08\/1-4.png\" class=\"attachment-large size-large wp-image-546 lazyload\" alt=\"\" data-srcset=\"https:\/\/relaxfv.com\/wp-content\/uploads\/2023\/08\/1-4.png 844w, https:\/\/relaxfv.com\/wp-content\/uploads\/2023\/08\/1-4-300x81.png 300w, https:\/\/relaxfv.com\/wp-content\/uploads\/2023\/08\/1-4-768x207.png 768w\" sizes=\"(max-width: 844px) 100vw, 844px\" \/><noscript><img decoding=\"async\" width=\"844\" height=\"227\" src=\"https:\/\/relaxfv.com\/wp-content\/uploads\/2023\/08\/1-4.png\" class=\"attachment-large size-large wp-image-546 lazyload\" alt=\"\" srcset=\"https:\/\/relaxfv.com\/wp-content\/uploads\/2023\/08\/1-4.png 844w, https:\/\/relaxfv.com\/wp-content\/uploads\/2023\/08\/1-4-300x81.png 300w, https:\/\/relaxfv.com\/wp-content\/uploads\/2023\/08\/1-4-768x207.png 768w\" sizes=\"(max-width: 844px) 100vw, 844px\" \/><\/noscript>\t\t\t\t\t\t\t\t\t\t\t\t\t\t\t<\/div>\n\t\t\t\t<\/div>\n\t\t\t\t\t<\/div>\n\t\t<\/div>\n\t\t\t\t\t<\/div>\n\t\t<\/section>\n\t\t\t\t\t<\/div>\n\t\t<\/div>\n\t\t\t\t<div class=\"elementor-column elementor-col-16 elementor-top-column elementor-element elementor-element-08f955c\" data-id=\"08f955c\" data-element_type=\"column\">\n\t\t\t<div class=\"elementor-widget-wrap\">\n\t\t\t\t\t\t\t<\/div>\n\t\t<\/div>\n\t\t\t\t\t<\/div>\n\t\t<\/section>\n\t\t\t\t<section class=\"elementor-section elementor-top-section elementor-element elementor-element-9cec2a3 elementor-section-boxed elementor-section-height-default elementor-section-height-default\" data-id=\"9cec2a3\" data-element_type=\"section\">\n\t\t\t\t\t\t<div class=\"elementor-container elementor-column-gap-default\">\n\t\t\t\t\t<div class=\"elementor-column elementor-col-16 elementor-top-column elementor-element elementor-element-a12e76e\" data-id=\"a12e76e\" data-element_type=\"column\">\n\t\t\t<div class=\"elementor-widget-wrap\">\n\t\t\t\t\t\t\t<\/div>\n\t\t<\/div>\n\t\t\t\t<div class=\"elementor-column elementor-col-66 elementor-top-column elementor-element elementor-element-ca079f4 elementor-invisible\" data-id=\"ca079f4\" data-element_type=\"column\" data-settings=\"{&quot;animation&quot;:&quot;fadeInUp&quot;}\">\n\t\t\t<div class=\"elementor-widget-wrap elementor-element-populated\">\n\t\t\t\t\t\t<div class=\"elementor-element elementor-element-059b9ec elementor-widget elementor-widget-heading\" data-id=\"059b9ec\" data-element_type=\"widget\" data-widget_type=\"heading.default\">\n\t\t\t\t<div class=\"elementor-widget-container\">\n\t\t\t\t\t<h2 class=\"elementor-heading-title elementor-size-default\">Hier 3 gute Gr\u00fcnde:<\/h2>\t\t\t\t<\/div>\n\t\t\t\t<\/div>\n\t\t\t\t<div class=\"elementor-element elementor-element-7658550 elementor-widget-divider--view-line elementor-widget elementor-widget-divider\" data-id=\"7658550\" data-element_type=\"widget\" data-widget_type=\"divider.default\">\n\t\t\t\t<div class=\"elementor-widget-container\">\n\t\t\t\t\t\t\t<div class=\"elementor-divider\">\n\t\t\t<span class=\"elementor-divider-separator\">\n\t\t\t\t\t\t<\/span>\n\t\t<\/div>\n\t\t\t\t\t\t<\/div>\n\t\t\t\t<\/div>\n\t\t\t\t\t<\/div>\n\t\t<\/div>\n\t\t\t\t<div class=\"elementor-column elementor-col-16 elementor-top-column elementor-element elementor-element-4549153\" data-id=\"4549153\" data-element_type=\"column\">\n\t\t\t<div class=\"elementor-widget-wrap\">\n\t\t\t\t\t\t\t<\/div>\n\t\t<\/div>\n\t\t\t\t\t<\/div>\n\t\t<\/section>\n\t\t\t\t<section class=\"elementor-section elementor-top-section elementor-element elementor-element-db476c2 elementor-section-boxed elementor-section-height-default elementor-section-height-default\" data-id=\"db476c2\" data-element_type=\"section\">\n\t\t\t\t\t\t<div class=\"elementor-container elementor-column-gap-default\">\n\t\t\t\t\t<div class=\"elementor-column elementor-col-33 elementor-top-column elementor-element elementor-element-ead1418 elementor-invisible\" data-id=\"ead1418\" data-element_type=\"column\" data-settings=\"{&quot;background_background&quot;:&quot;classic&quot;,&quot;animation&quot;:&quot;fadeInUp&quot;}\">\n\t\t\t<div class=\"elementor-widget-wrap elementor-element-populated\">\n\t\t\t\t\t\t<div class=\"elementor-element elementor-element-f612c72 elementor-widget elementor-widget-image\" data-id=\"f612c72\" data-element_type=\"widget\" data-widget_type=\"image.default\">\n\t\t\t\t<div class=\"elementor-widget-container\">\n\t\t\t\t\t\t\t\t\t\t\t\t\t\t\t<img decoding=\"async\" width=\"500\" height=\"500\" src=\"data:image\/gif;base64,R0lGODlhAQABAIAAAAAAAP\/\/\/yH5BAEAAAAALAAAAAABAAEAAAIBRAA7\" data-src=\"https:\/\/relaxfv.com\/wp-content\/uploads\/2023\/07\/producto-fruits-and-vegetables-relax5.jpg\" class=\"attachment-large size-large wp-image-443 lazyload\" alt=\"\" data-srcset=\"https:\/\/relaxfv.com\/wp-content\/uploads\/2023\/07\/producto-fruits-and-vegetables-relax5.jpg 500w, https:\/\/relaxfv.com\/wp-content\/uploads\/2023\/07\/producto-fruits-and-vegetables-relax5-300x300.jpg 300w, https:\/\/relaxfv.com\/wp-content\/uploads\/2023\/07\/producto-fruits-and-vegetables-relax5-150x150.jpg 150w\" sizes=\"(max-width: 500px) 100vw, 500px\" \/><noscript><img loading=\"lazy\" decoding=\"async\" width=\"500\" height=\"500\" src=\"https:\/\/relaxfv.com\/wp-content\/uploads\/2023\/07\/producto-fruits-and-vegetables-relax5.jpg\" class=\"attachment-large size-large wp-image-443 lazyload\" alt=\"\" srcset=\"https:\/\/relaxfv.com\/wp-content\/uploads\/2023\/07\/producto-fruits-and-vegetables-relax5.jpg 500w, https:\/\/relaxfv.com\/wp-content\/uploads\/2023\/07\/producto-fruits-and-vegetables-relax5-300x300.jpg 300w, https:\/\/relaxfv.com\/wp-content\/uploads\/2023\/07\/producto-fruits-and-vegetables-relax5-150x150.jpg 150w\" sizes=\"(max-width: 500px) 100vw, 500px\" \/><\/noscript>\t\t\t\t\t\t\t\t\t\t\t\t\t\t\t<\/div>\n\t\t\t\t<\/div>\n\t\t\t\t<div class=\"elementor-element elementor-element-7d68e9f elementor-widget elementor-widget-heading\" data-id=\"7d68e9f\" data-element_type=\"widget\" data-widget_type=\"heading.default\">\n\t\t\t\t<div class=\"elementor-widget-container\">\n\t\t\t\t\t<h2 class=\"elementor-heading-title elementor-size-default\">\u00dcber 25 Jahre Erfahrung<\/h2>\t\t\t\t<\/div>\n\t\t\t\t<\/div>\n\t\t\t\t<div class=\"elementor-element elementor-element-8394731 elementor-widget elementor-widget-text-editor\" data-id=\"8394731\" data-element_type=\"widget\" data-widget_type=\"text-editor.default\">\n\t\t\t\t<div class=\"elementor-widget-container\">\n\t\t\t\t\t\t\t\t\t<p><span style=\"font-weight: 400;\">Vor \u00fcber 25 Jahren haben wir unsere erste Gurke gepflanzt. Heute sind wir stolz auf unser Know-How auf dem Obst- und Gem\u00fcsemarkt und auf unser europ\u00e4isches Netzwerk, das wir Ihnen zur Verf\u00fcgung stellen \u2013 Relax, wir kennen den Markt.<\/span><\/p>\n\t\t\t\t\t\t\t\t<\/div>\n\t\t\t\t<\/div>\n\t\t\t\t\t<\/div>\n\t\t<\/div>\n\t\t\t\t<div class=\"elementor-column elementor-col-33 elementor-top-column elementor-element elementor-element-77a8747 elementor-invisible\" data-id=\"77a8747\" data-element_type=\"column\" data-settings=\"{&quot;background_background&quot;:&quot;classic&quot;,&quot;animation&quot;:&quot;fadeInUp&quot;}\">\n\t\t\t<div class=\"elementor-widget-wrap elementor-element-populated\">\n\t\t\t\t\t\t<div class=\"elementor-element elementor-element-1f96415 elementor-widget elementor-widget-image\" data-id=\"1f96415\" data-element_type=\"widget\" data-widget_type=\"image.default\">\n\t\t\t\t<div class=\"elementor-widget-container\">\n\t\t\t\t\t\t\t\t\t\t\t\t\t\t\t<img loading=\"lazy\" decoding=\"async\" width=\"500\" height=\"500\" src=\"data:image\/gif;base64,R0lGODlhAQABAIAAAAAAAP\/\/\/yH5BAEAAAAALAAAAAABAAEAAAIBRAA7\" data-src=\"https:\/\/relaxfv.com\/wp-content\/uploads\/2023\/07\/producto-fruits-and-vegetables-relax6.jpg\" class=\"attachment-large size-large wp-image-442 lazyload\" alt=\"\" data-srcset=\"https:\/\/relaxfv.com\/wp-content\/uploads\/2023\/07\/producto-fruits-and-vegetables-relax6.jpg 500w, https:\/\/relaxfv.com\/wp-content\/uploads\/2023\/07\/producto-fruits-and-vegetables-relax6-300x300.jpg 300w, https:\/\/relaxfv.com\/wp-content\/uploads\/2023\/07\/producto-fruits-and-vegetables-relax6-150x150.jpg 150w\" sizes=\"(max-width: 500px) 100vw, 500px\" \/><noscript><img loading=\"lazy\" decoding=\"async\" width=\"500\" height=\"500\" src=\"https:\/\/relaxfv.com\/wp-content\/uploads\/2023\/07\/producto-fruits-and-vegetables-relax6.jpg\" class=\"attachment-large size-large wp-image-442 lazyload\" alt=\"\" srcset=\"https:\/\/relaxfv.com\/wp-content\/uploads\/2023\/07\/producto-fruits-and-vegetables-relax6.jpg 500w, https:\/\/relaxfv.com\/wp-content\/uploads\/2023\/07\/producto-fruits-and-vegetables-relax6-300x300.jpg 300w, https:\/\/relaxfv.com\/wp-content\/uploads\/2023\/07\/producto-fruits-and-vegetables-relax6-150x150.jpg 150w\" sizes=\"(max-width: 500px) 100vw, 500px\" \/><\/noscript>\t\t\t\t\t\t\t\t\t\t\t\t\t\t\t<\/div>\n\t\t\t\t<\/div>\n\t\t\t\t<div class=\"elementor-element elementor-element-148896f elementor-widget elementor-widget-heading\" data-id=\"148896f\" data-element_type=\"widget\" data-widget_type=\"heading.default\">\n\t\t\t\t<div class=\"elementor-widget-container\">\n\t\t\t\t\t<h2 class=\"elementor-heading-title elementor-size-default\">Einzigartiges Konzept\n<\/h2>\t\t\t\t<\/div>\n\t\t\t\t<\/div>\n\t\t\t\t<div class=\"elementor-element elementor-element-b883e16 elementor-widget elementor-widget-text-editor\" data-id=\"b883e16\" data-element_type=\"widget\" data-widget_type=\"text-editor.default\">\n\t\t\t\t<div class=\"elementor-widget-container\">\n\t\t\t\t\t\t\t\t\t<p><span style=\"font-weight: 400;\">Die Kombination aus frischem Obst und Gem\u00fcse, gefrorene Ware und die Verarbeitung zu innovativen veganen Produkten, alles aus erster Hand, ist einzigartig. Das \u00f6ffnet uns M\u00f6glichkeiten, die effizient, nachhaltig und kostensparend sind \u2013 Relax, wir finden eine L\u00f6sung f\u00fcr Sie.<\/span><\/p>\n\t\t\t\t\t\t\t\t<\/div>\n\t\t\t\t<\/div>\n\t\t\t\t\t<\/div>\n\t\t<\/div>\n\t\t\t\t<div class=\"elementor-column elementor-col-33 elementor-top-column elementor-element elementor-element-03b1ba7 elementor-invisible\" data-id=\"03b1ba7\" data-element_type=\"column\" data-settings=\"{&quot;background_background&quot;:&quot;classic&quot;,&quot;animation&quot;:&quot;fadeInUp&quot;}\">\n\t\t\t<div class=\"elementor-widget-wrap elementor-element-populated\">\n\t\t\t\t\t\t<div class=\"elementor-element elementor-element-af2bbd7 elementor-widget elementor-widget-image\" data-id=\"af2bbd7\" data-element_type=\"widget\" data-widget_type=\"image.default\">\n\t\t\t\t<div class=\"elementor-widget-container\">\n\t\t\t\t\t\t\t\t\t\t\t\t\t\t\t<img loading=\"lazy\" decoding=\"async\" width=\"500\" height=\"500\" src=\"data:image\/gif;base64,R0lGODlhAQABAIAAAAAAAP\/\/\/yH5BAEAAAAALAAAAAABAAEAAAIBRAA7\" data-src=\"https:\/\/relaxfv.com\/wp-content\/uploads\/2023\/07\/producto-fruits-and-vegetables-relax7.jpg\" class=\"attachment-large size-large wp-image-441 lazyload\" alt=\"\" data-srcset=\"https:\/\/relaxfv.com\/wp-content\/uploads\/2023\/07\/producto-fruits-and-vegetables-relax7.jpg 500w, https:\/\/relaxfv.com\/wp-content\/uploads\/2023\/07\/producto-fruits-and-vegetables-relax7-300x300.jpg 300w, https:\/\/relaxfv.com\/wp-content\/uploads\/2023\/07\/producto-fruits-and-vegetables-relax7-150x150.jpg 150w\" sizes=\"(max-width: 500px) 100vw, 500px\" \/><noscript><img loading=\"lazy\" decoding=\"async\" width=\"500\" height=\"500\" src=\"https:\/\/relaxfv.com\/wp-content\/uploads\/2023\/07\/producto-fruits-and-vegetables-relax7.jpg\" class=\"attachment-large size-large wp-image-441 lazyload\" alt=\"\" srcset=\"https:\/\/relaxfv.com\/wp-content\/uploads\/2023\/07\/producto-fruits-and-vegetables-relax7.jpg 500w, https:\/\/relaxfv.com\/wp-content\/uploads\/2023\/07\/producto-fruits-and-vegetables-relax7-300x300.jpg 300w, https:\/\/relaxfv.com\/wp-content\/uploads\/2023\/07\/producto-fruits-and-vegetables-relax7-150x150.jpg 150w\" sizes=\"(max-width: 500px) 100vw, 500px\" \/><\/noscript>\t\t\t\t\t\t\t\t\t\t\t\t\t\t\t<\/div>\n\t\t\t\t<\/div>\n\t\t\t\t<div class=\"elementor-element elementor-element-78ca27a elementor-widget elementor-widget-heading\" data-id=\"78ca27a\" data-element_type=\"widget\" data-widget_type=\"heading.default\">\n\t\t\t\t<div class=\"elementor-widget-container\">\n\t\t\t\t\t<h2 class=\"elementor-heading-title elementor-size-default\">Individuelle L\u00f6sungen<\/h2>\t\t\t\t<\/div>\n\t\t\t\t<\/div>\n\t\t\t\t<div class=\"elementor-element elementor-element-8a0eecb elementor-widget elementor-widget-text-editor\" data-id=\"8a0eecb\" data-element_type=\"widget\" data-widget_type=\"text-editor.default\">\n\t\t\t\t<div class=\"elementor-widget-container\">\n\t\t\t\t\t\t\t\t\t<p><span style=\"font-weight: 400;\">Spezialisiert sind wir auf Gem\u00fcse, das Ihren Anforderungen gerecht sein muss. Z.B. Gurken, die ganz bestimmte Ma\u00dfe einhalten. Oder Tomaten, die wenig Wasser enthalten \u2013 Relax, das machen wir.<\/span><\/p>\n\t\t\t\t\t\t\t\t<\/div>\n\t\t\t\t<\/div>\n\t\t\t\t\t<\/div>\n\t\t<\/div>\n\t\t\t\t\t<\/div>\n\t\t<\/section>\n\t\t\t\t<section class=\"elementor-section elementor-top-section elementor-element elementor-element-577d17d elementor-section-full_width elementor-section-height-default elementor-section-height-default\" data-id=\"577d17d\" data-element_type=\"section\" data-settings=\"{&quot;background_background&quot;:&quot;classic&quot;}\">\n\t\t\t\t\t\t<div class=\"elementor-container elementor-column-gap-default\">\n\t\t\t\t\t<div class=\"elementor-column elementor-col-100 elementor-top-column elementor-element elementor-element-ebd3ab8\" data-id=\"ebd3ab8\" data-element_type=\"column\">\n\t\t\t<div class=\"elementor-widget-wrap elementor-element-populated\">\n\t\t\t\t\t\t<section class=\"elementor-section elementor-inner-section elementor-element elementor-element-065c68b elementor-section-boxed elementor-section-height-default elementor-section-height-default\" data-id=\"065c68b\" data-element_type=\"section\">\n\t\t\t\t\t\t<div class=\"elementor-container elementor-column-gap-default\">\n\t\t\t\t\t<div class=\"elementor-column elementor-col-50 elementor-inner-column elementor-element elementor-element-169f6bd\" data-id=\"169f6bd\" data-element_type=\"column\">\n\t\t\t<div class=\"elementor-widget-wrap elementor-element-populated\">\n\t\t\t\t\t\t<div class=\"elementor-element elementor-element-a738742 elementor-invisible elementor-widget elementor-widget-heading\" data-id=\"a738742\" data-element_type=\"widget\" data-settings=\"{&quot;_animation&quot;:&quot;fadeInUp&quot;}\" data-widget_type=\"heading.default\">\n\t\t\t\t<div class=\"elementor-widget-container\">\n\t\t\t\t\t<h2 class=\"elementor-heading-title elementor-size-default\">Kontakt<\/h2>\t\t\t\t<\/div>\n\t\t\t\t<\/div>\n\t\t\t\t\t<\/div>\n\t\t<\/div>\n\t\t\t\t<div class=\"elementor-column elementor-col-50 elementor-inner-column elementor-element elementor-element-06efa8d\" data-id=\"06efa8d\" data-element_type=\"column\">\n\t\t\t<div class=\"elementor-widget-wrap elementor-element-populated\">\n\t\t\t\t\t\t<div class=\"elementor-element elementor-element-9a97c32 elementor-view-framed elementor-shape-circle elementor-invisible elementor-widget elementor-widget-icon\" data-id=\"9a97c32\" data-element_type=\"widget\" data-settings=\"{&quot;_animation&quot;:&quot;fadeInUp&quot;}\" data-widget_type=\"icon.default\">\n\t\t\t\t<div class=\"elementor-widget-container\">\n\t\t\t\t\t\t\t<div class=\"elementor-icon-wrapper\">\n\t\t\t<a class=\"elementor-icon\" href=\"https:\/\/relaxfv.com\/de\/contacto\/\">\n\t\t\t<i aria-hidden=\"true\" class=\"far fa-envelope\"><\/i>\t\t\t<\/a>\n\t\t<\/div>\n\t\t\t\t\t\t<\/div>\n\t\t\t\t<\/div>\n\t\t\t\t\t<\/div>\n\t\t<\/div>\n\t\t\t\t\t<\/div>\n\t\t<\/section>\n\t\t\t\t\t<\/div>\n\t\t<\/div>\n\t\t\t\t\t<\/div>\n\t\t<\/section>\n\t\t\t\t<\/div>\n\t\t","protected":false},"excerpt":{"rendered":"<p>Relax daf\u00fcr stehen wir! Unsere Partner k\u00f6nnen sich zur\u00fccklehnen \u2013 relaxen.Relax daf\u00fcr stehen wir! Unsere Partner k\u00f6nnen sich zur\u00fccklehnen \u2013 relaxen.Relax daf\u00fcr stehen wir! Unsere Partner k\u00f6nnen sich zur\u00fccklehnen \u2013 relaxen.Relax daf\u00fcr stehen wir! Unsere Partner k\u00f6nnen sich zur\u00fccklehnen \u2013 relaxen. Denn wir sind ihr zuverl\u00e4ssiger Partner f\u00fcr Obst und Gem\u00fcse, gefrorener Ware und innovativen [&hellip;]<\/p>\n","protected":false},"author":1,"featured_media":0,"parent":0,"menu_order":0,"comment_status":"closed","ping_status":"closed","template":"","meta":{"site-sidebar-layout":"default","site-content-layout":"page-builder","ast-site-content-layout":"full-width-container","site-content-style":"unboxed","site-sidebar-style":"unboxed","ast-global-header-display":"","ast-banner-title-visibility":"","ast-main-header-display":"","ast-hfb-above-header-display":"","ast-hfb-below-header-display":"","ast-hfb-mobile-header-display":"","site-post-title":"","ast-breadcrumbs-content":"","ast-featured-img":"","footer-sml-layout":"","theme-transparent-header-meta":"","adv-header-id-meta":"","stick-header-meta":"","header-above-stick-meta":"","header-main-stick-meta":"","header-below-stick-meta":"","astra-migrate-meta-layouts":"set","ast-page-background-enabled":"default","ast-page-background-meta":{"desktop":{"background-color":"var(--ast-global-color-4)","background-image":"","background-repeat":"repeat","background-position":"center center","background-size":"auto","background-attachment":"scroll","background-type":"","background-media":"","overlay-type":"","overlay-color":"","overlay-opacity":"","overlay-gradient":""},"tablet":{"background-color":"","background-image":"","background-repeat":"repeat","background-position":"center center","background-size":"auto","background-attachment":"scroll","background-type":"","background-media":"","overlay-type":"","overlay-color":"","overlay-opacity":"","overlay-gradient":""},"mobile":{"background-color":"","background-image":"","background-repeat":"repeat","background-position":"center center","background-size":"auto","background-attachment":"scroll","background-type":"","background-media":"","overlay-type":"","overlay-color":"","overlay-opacity":"","overlay-gradient":""}},"ast-content-background-meta":{"desktop":{"background-color":"var(--ast-global-color-5)","background-image":"","background-repeat":"repeat","background-position":"center center","background-size":"auto","background-attachment":"scroll","background-type":"","background-media":"","overlay-type":"","overlay-color":"","overlay-opacity":"","overlay-gradient":""},"tablet":{"background-color":"var(--ast-global-color-5)","background-image":"","background-repeat":"repeat","background-position":"center center","background-size":"auto","background-attachment":"scroll","background-type":"","background-media":"","overlay-type":"","overlay-color":"","overlay-opacity":"","overlay-gradient":""},"mobile":{"background-color":"var(--ast-global-color-5)","background-image":"","background-repeat":"repeat","background-position":"center center","background-size":"auto","background-attachment":"scroll","background-type":"","background-media":"","overlay-type":"","overlay-color":"","overlay-opacity":"","overlay-gradient":""}},"footnotes":""},"class_list":["post-539","page","type-page","status-publish","hentry"],"_links":{"self":[{"href":"https:\/\/relaxfv.com\/de\/wp-json\/wp\/v2\/pages\/539","targetHints":{"allow":["GET"]}}],"collection":[{"href":"https:\/\/relaxfv.com\/de\/wp-json\/wp\/v2\/pages"}],"about":[{"href":"https:\/\/relaxfv.com\/de\/wp-json\/wp\/v2\/types\/page"}],"author":[{"embeddable":true,"href":"https:\/\/relaxfv.com\/de\/wp-json\/wp\/v2\/users\/1"}],"replies":[{"embeddable":true,"href":"https:\/\/relaxfv.com\/de\/wp-json\/wp\/v2\/comments?post=539"}],"version-history":[{"count":25,"href":"https:\/\/relaxfv.com\/de\/wp-json\/wp\/v2\/pages\/539\/revisions"}],"predecessor-version":[{"id":771,"href":"https:\/\/relaxfv.com\/de\/wp-json\/wp\/v2\/pages\/539\/revisions\/771"}],"wp:attachment":[{"href":"https:\/\/relaxfv.com\/de\/wp-json\/wp\/v2\/media?parent=539"}],"curies":[{"name":"wp","href":"https:\/\/api.w.org\/{rel}","templated":true}]}}