{"id":582,"date":"2023-07-27T17:40:19","date_gmt":"2023-07-27T15:40:19","guid":{"rendered":"https:\/\/relaxfv.com\/servicios\/"},"modified":"2023-08-02T13:17:13","modified_gmt":"2023-08-02T11:17:13","slug":"unser-service","status":"publish","type":"page","link":"https:\/\/relaxfv.com\/de\/unser-service\/","title":{"rendered":"Unser Service"},"content":{"rendered":"\t\t<div data-elementor-type=\"wp-page\" data-elementor-id=\"582\" class=\"elementor elementor-582 elementor-107\" data-elementor-post-type=\"page\">\n\t\t\t\t\t\t<section class=\"elementor-section elementor-top-section elementor-element elementor-element-2d8f6374 elementor-section-full_width elementor-section-height-default elementor-section-height-default\" data-id=\"2d8f6374\" data-element_type=\"section\">\n\t\t\t\t\t\t<div class=\"elementor-container elementor-column-gap-default\">\n\t\t\t\t\t<div class=\"elementor-column elementor-col-100 elementor-top-column elementor-element elementor-element-7286810a\" data-id=\"7286810a\" data-element_type=\"column\">\n\t\t\t<div class=\"elementor-widget-wrap elementor-element-populated\">\n\t\t\t\t\t\t<div class=\"elementor-element elementor-element-2c65891f elementor--h-position-center elementor--v-position-middle elementor-widget elementor-widget-slides\" data-id=\"2c65891f\" data-element_type=\"widget\" data-settings=\"{&quot;navigation&quot;:&quot;none&quot;,&quot;autoplay&quot;:&quot;yes&quot;,&quot;pause_on_hover&quot;:&quot;yes&quot;,&quot;pause_on_interaction&quot;:&quot;yes&quot;,&quot;autoplay_speed&quot;:5000,&quot;infinite&quot;:&quot;yes&quot;,&quot;transition&quot;:&quot;slide&quot;,&quot;transition_speed&quot;:500}\" data-widget_type=\"slides.default\">\n\t\t\t\t<div class=\"elementor-widget-container\">\n\t\t\t\t\t\t\t<div class=\"elementor-swiper\">\n\t\t\t<div class=\"elementor-slides-wrapper elementor-main-swiper swiper-container\" dir=\"ltr\" data-animation=\"\">\n\t\t\t\t<div class=\"swiper-wrapper elementor-slides\">\n\t\t\t\t\t\t\t\t\t\t<div class=\"elementor-repeater-item-f1c25ae swiper-slide\"><div class=\"swiper-slide-bg\" role=\"img\"><\/div><div class=\"swiper-slide-inner\" ><div class=\"swiper-slide-contents\"><div class=\"elementor-slide-heading\">Relax<\/div><div class=\"elementor-slide-description\"><p>wir k\u00fcmmern uns um die Details mit unserem <b>deutsch- und englischsprachigen Team.<\/b><\/p>\n<\/div><\/div><\/div><\/div>\t\t\t\t<\/div>\n\t\t\t\t\t\t\t<\/div>\n\t\t<\/div>\n\t\t\t\t\t\t<\/div>\n\t\t\t\t<\/div>\n\t\t\t\t\t<\/div>\n\t\t<\/div>\n\t\t\t\t\t<\/div>\n\t\t<\/section>\n\t\t\t\t<section class=\"elementor-section elementor-top-section elementor-element elementor-element-2fa4c0a elementor-section-boxed elementor-section-height-default elementor-section-height-default\" data-id=\"2fa4c0a\" data-element_type=\"section\">\n\t\t\t\t\t\t<div class=\"elementor-container elementor-column-gap-default\">\n\t\t\t\t\t<div class=\"elementor-column elementor-col-33 elementor-top-column elementor-element elementor-element-8d3aad7 elementor-invisible\" data-id=\"8d3aad7\" data-element_type=\"column\" data-settings=\"{&quot;animation&quot;:&quot;fadeInUp&quot;}\">\n\t\t\t<div class=\"elementor-widget-wrap elementor-element-populated\">\n\t\t\t\t\t\t<div class=\"elementor-element elementor-element-3a7c599 elementor-widget elementor-widget-image\" data-id=\"3a7c599\" data-element_type=\"widget\" data-widget_type=\"image.default\">\n\t\t\t\t<div class=\"elementor-widget-container\">\n\t\t\t\t\t\t\t\t\t\t\t\t\t\t\t<img fetchpriority=\"high\" decoding=\"async\" width=\"500\" height=\"400\" src=\"data:image\/gif;base64,R0lGODlhAQABAIAAAAAAAP\/\/\/yH5BAEAAAAALAAAAAABAAEAAAIBRAA7\" data-src=\"https:\/\/relaxfv.com\/wp-content\/uploads\/2023\/07\/servicios-servicio-de-estacionamiento-fruits-and-vegetables-relax.jpg\" class=\"attachment-large size-large wp-image-470 lazyload\" alt=\"\" data-srcset=\"https:\/\/relaxfv.com\/wp-content\/uploads\/2023\/07\/servicios-servicio-de-estacionamiento-fruits-and-vegetables-relax.jpg 500w, https:\/\/relaxfv.com\/wp-content\/uploads\/2023\/07\/servicios-servicio-de-estacionamiento-fruits-and-vegetables-relax-300x240.jpg 300w\" sizes=\"(max-width: 500px) 100vw, 500px\" \/><noscript><img decoding=\"async\" width=\"500\" height=\"400\" src=\"https:\/\/relaxfv.com\/wp-content\/uploads\/2023\/07\/servicios-servicio-de-estacionamiento-fruits-and-vegetables-relax.jpg\" class=\"attachment-large size-large wp-image-470 lazyload\" alt=\"\" srcset=\"https:\/\/relaxfv.com\/wp-content\/uploads\/2023\/07\/servicios-servicio-de-estacionamiento-fruits-and-vegetables-relax.jpg 500w, https:\/\/relaxfv.com\/wp-content\/uploads\/2023\/07\/servicios-servicio-de-estacionamiento-fruits-and-vegetables-relax-300x240.jpg 300w\" sizes=\"(max-width: 500px) 100vw, 500px\" \/><\/noscript>\t\t\t\t\t\t\t\t\t\t\t\t\t\t\t<\/div>\n\t\t\t\t<\/div>\n\t\t\t\t<div class=\"elementor-element elementor-element-7dc02ce elementor-widget elementor-widget-toggle\" data-id=\"7dc02ce\" data-element_type=\"widget\" data-widget_type=\"toggle.default\">\n\t\t\t\t<div class=\"elementor-widget-container\">\n\t\t\t\t\t\t\t<div class=\"elementor-toggle\">\n\t\t\t\t\t\t\t<div class=\"elementor-toggle-item\">\n\t\t\t\t\t<div id=\"elementor-tab-title-1311\" class=\"elementor-tab-title\" data-tab=\"1\" role=\"button\" aria-controls=\"elementor-tab-content-1311\" aria-expanded=\"false\">\n\t\t\t\t\t\t\t\t\t\t\t\t<span class=\"elementor-toggle-icon elementor-toggle-icon-left\" aria-hidden=\"true\">\n\t\t\t\t\t\t\t\t\t\t\t\t\t\t\t<span class=\"elementor-toggle-icon-closed\"><i class=\"fas fa-chevron-down\"><\/i><\/span>\n\t\t\t\t\t\t\t\t<span class=\"elementor-toggle-icon-opened\"><i class=\"elementor-toggle-icon-opened fas fa-chevron-up\"><\/i><\/span>\n\t\t\t\t\t\t\t\t\t\t\t\t\t<\/span>\n\t\t\t\t\t\t\t\t\t\t\t\t<a class=\"elementor-toggle-title\" tabindex=\"0\">Beratungsleistung<\/a>\n\t\t\t\t\t<\/div>\n\n\t\t\t\t\t<div id=\"elementor-tab-content-1311\" class=\"elementor-tab-content elementor-clearfix\" data-tab=\"1\" role=\"region\" aria-labelledby=\"elementor-tab-title-1311\"><p><span style=\"font-weight: 400;\">Nutzen Sie unsere \u00fcber 25-j\u00e4hrige Erfahrung und unser Netzwerk in ganz Andalusien. Wir beraten und vermitteln Lieferanten.<\/span><\/p>\n<\/div>\n\t\t\t\t<\/div>\n\t\t\t\t\t\t\t\t<\/div>\n\t\t\t\t\t\t<\/div>\n\t\t\t\t<\/div>\n\t\t\t\t\t<\/div>\n\t\t<\/div>\n\t\t\t\t<div class=\"elementor-column elementor-col-33 elementor-top-column elementor-element elementor-element-7c4dc76 elementor-invisible\" data-id=\"7c4dc76\" data-element_type=\"column\" data-settings=\"{&quot;animation&quot;:&quot;fadeInUp&quot;}\">\n\t\t\t<div class=\"elementor-widget-wrap elementor-element-populated\">\n\t\t\t\t\t\t<div class=\"elementor-element elementor-element-28a15ba elementor-widget elementor-widget-image\" data-id=\"28a15ba\" data-element_type=\"widget\" data-widget_type=\"image.default\">\n\t\t\t\t<div class=\"elementor-widget-container\">\n\t\t\t\t\t\t\t\t\t\t\t\t\t\t\t<img decoding=\"async\" width=\"500\" height=\"400\" src=\"data:image\/gif;base64,R0lGODlhAQABAIAAAAAAAP\/\/\/yH5BAEAAAAALAAAAAABAAEAAAIBRAA7\" data-src=\"https:\/\/relaxfv.com\/wp-content\/uploads\/2023\/07\/servicios-organizacion-logistica-fruits-and-vegetables-relax.jpg\" class=\"attachment-large size-large wp-image-469 lazyload\" alt=\"\" data-srcset=\"https:\/\/relaxfv.com\/wp-content\/uploads\/2023\/07\/servicios-organizacion-logistica-fruits-and-vegetables-relax.jpg 500w, https:\/\/relaxfv.com\/wp-content\/uploads\/2023\/07\/servicios-organizacion-logistica-fruits-and-vegetables-relax-300x240.jpg 300w\" sizes=\"(max-width: 500px) 100vw, 500px\" \/><noscript><img loading=\"lazy\" decoding=\"async\" width=\"500\" height=\"400\" src=\"https:\/\/relaxfv.com\/wp-content\/uploads\/2023\/07\/servicios-organizacion-logistica-fruits-and-vegetables-relax.jpg\" class=\"attachment-large size-large wp-image-469 lazyload\" alt=\"\" srcset=\"https:\/\/relaxfv.com\/wp-content\/uploads\/2023\/07\/servicios-organizacion-logistica-fruits-and-vegetables-relax.jpg 500w, https:\/\/relaxfv.com\/wp-content\/uploads\/2023\/07\/servicios-organizacion-logistica-fruits-and-vegetables-relax-300x240.jpg 300w\" sizes=\"(max-width: 500px) 100vw, 500px\" \/><\/noscript>\t\t\t\t\t\t\t\t\t\t\t\t\t\t\t<\/div>\n\t\t\t\t<\/div>\n\t\t\t\t<div class=\"elementor-element elementor-element-c93bbb3 elementor-widget elementor-widget-toggle\" data-id=\"c93bbb3\" data-element_type=\"widget\" data-widget_type=\"toggle.default\">\n\t\t\t\t<div class=\"elementor-widget-container\">\n\t\t\t\t\t\t\t<div class=\"elementor-toggle\">\n\t\t\t\t\t\t\t<div class=\"elementor-toggle-item\">\n\t\t\t\t\t<div id=\"elementor-tab-title-2111\" class=\"elementor-tab-title\" data-tab=\"1\" role=\"button\" aria-controls=\"elementor-tab-content-2111\" aria-expanded=\"false\">\n\t\t\t\t\t\t\t\t\t\t\t\t<span class=\"elementor-toggle-icon elementor-toggle-icon-left\" aria-hidden=\"true\">\n\t\t\t\t\t\t\t\t\t\t\t\t\t\t\t<span class=\"elementor-toggle-icon-closed\"><i class=\"fas fa-chevron-down\"><\/i><\/span>\n\t\t\t\t\t\t\t\t<span class=\"elementor-toggle-icon-opened\"><i class=\"elementor-toggle-icon-opened fas fa-chevron-up\"><\/i><\/span>\n\t\t\t\t\t\t\t\t\t\t\t\t\t<\/span>\n\t\t\t\t\t\t\t\t\t\t\t\t<a class=\"elementor-toggle-title\" tabindex=\"0\">Organisation Logistik<\/a>\n\t\t\t\t\t<\/div>\n\n\t\t\t\t\t<div id=\"elementor-tab-content-2111\" class=\"elementor-tab-content elementor-clearfix\" data-tab=\"1\" role=\"region\" aria-labelledby=\"elementor-tab-title-2111\"><p><span style=\"font-weight: 400;\">Unser Logistik Team plant Ihren Transport in die DACH Region. Verl\u00e4sslich und kostensparend durch unser einzigartiges Netzwerk.<\/span><\/p>\n<\/div>\n\t\t\t\t<\/div>\n\t\t\t\t\t\t\t\t<\/div>\n\t\t\t\t\t\t<\/div>\n\t\t\t\t<\/div>\n\t\t\t\t\t<\/div>\n\t\t<\/div>\n\t\t\t\t<div class=\"elementor-column elementor-col-33 elementor-top-column elementor-element elementor-element-86bf609 elementor-invisible\" data-id=\"86bf609\" data-element_type=\"column\" data-settings=\"{&quot;animation&quot;:&quot;fadeInUp&quot;}\">\n\t\t\t<div class=\"elementor-widget-wrap elementor-element-populated\">\n\t\t\t\t\t\t<div class=\"elementor-element elementor-element-9cd8206 elementor-widget elementor-widget-image\" data-id=\"9cd8206\" data-element_type=\"widget\" data-widget_type=\"image.default\">\n\t\t\t\t<div class=\"elementor-widget-container\">\n\t\t\t\t\t\t\t\t\t\t\t\t\t\t\t<img loading=\"lazy\" decoding=\"async\" width=\"500\" height=\"400\" src=\"data:image\/gif;base64,R0lGODlhAQABAIAAAAAAAP\/\/\/yH5BAEAAAAALAAAAAABAAEAAAIBRAA7\" data-src=\"https:\/\/relaxfv.com\/wp-content\/uploads\/2023\/07\/servicios-servicio-de-envasado-fruits-and-vegetables-relax.jpg\" class=\"attachment-large size-large wp-image-468 lazyload\" alt=\"\" data-srcset=\"https:\/\/relaxfv.com\/wp-content\/uploads\/2023\/07\/servicios-servicio-de-envasado-fruits-and-vegetables-relax.jpg 500w, https:\/\/relaxfv.com\/wp-content\/uploads\/2023\/07\/servicios-servicio-de-envasado-fruits-and-vegetables-relax-300x240.jpg 300w\" sizes=\"(max-width: 500px) 100vw, 500px\" \/><noscript><img loading=\"lazy\" decoding=\"async\" width=\"500\" height=\"400\" src=\"https:\/\/relaxfv.com\/wp-content\/uploads\/2023\/07\/servicios-servicio-de-envasado-fruits-and-vegetables-relax.jpg\" class=\"attachment-large size-large wp-image-468 lazyload\" alt=\"\" srcset=\"https:\/\/relaxfv.com\/wp-content\/uploads\/2023\/07\/servicios-servicio-de-envasado-fruits-and-vegetables-relax.jpg 500w, https:\/\/relaxfv.com\/wp-content\/uploads\/2023\/07\/servicios-servicio-de-envasado-fruits-and-vegetables-relax-300x240.jpg 300w\" sizes=\"(max-width: 500px) 100vw, 500px\" \/><\/noscript>\t\t\t\t\t\t\t\t\t\t\t\t\t\t\t<\/div>\n\t\t\t\t<\/div>\n\t\t\t\t<div class=\"elementor-element elementor-element-a164c77 elementor-widget elementor-widget-toggle\" data-id=\"a164c77\" data-element_type=\"widget\" data-widget_type=\"toggle.default\">\n\t\t\t\t<div class=\"elementor-widget-container\">\n\t\t\t\t\t\t\t<div class=\"elementor-toggle\">\n\t\t\t\t\t\t\t<div class=\"elementor-toggle-item\">\n\t\t\t\t\t<div id=\"elementor-tab-title-1691\" class=\"elementor-tab-title\" data-tab=\"1\" role=\"button\" aria-controls=\"elementor-tab-content-1691\" aria-expanded=\"false\">\n\t\t\t\t\t\t\t\t\t\t\t\t<span class=\"elementor-toggle-icon elementor-toggle-icon-left\" aria-hidden=\"true\">\n\t\t\t\t\t\t\t\t\t\t\t\t\t\t\t<span class=\"elementor-toggle-icon-closed\"><i class=\"fas fa-chevron-down\"><\/i><\/span>\n\t\t\t\t\t\t\t\t<span class=\"elementor-toggle-icon-opened\"><i class=\"elementor-toggle-icon-opened fas fa-chevron-up\"><\/i><\/span>\n\t\t\t\t\t\t\t\t\t\t\t\t\t<\/span>\n\t\t\t\t\t\t\t\t\t\t\t\t<a class=\"elementor-toggle-title\" tabindex=\"0\">Verpackungs-Leistungen<\/a>\n\t\t\t\t\t<\/div>\n\n\t\t\t\t\t<div id=\"elementor-tab-content-1691\" class=\"elementor-tab-content elementor-clearfix\" data-tab=\"1\" role=\"region\" aria-labelledby=\"elementor-tab-title-1691\"><p><span style=\"font-weight: 400;\">Die Verpackung Ihrer Produkte k\u00f6nnen Sie gerne zu uns auslagern. Wir stellen Ihnen Personal und Maschinen zur Verf\u00fcgung.<\/span><\/p>\n<\/div>\n\t\t\t\t<\/div>\n\t\t\t\t\t\t\t\t<\/div>\n\t\t\t\t\t\t<\/div>\n\t\t\t\t<\/div>\n\t\t\t\t\t<\/div>\n\t\t<\/div>\n\t\t\t\t\t<\/div>\n\t\t<\/section>\n\t\t\t\t<\/div>\n\t\t","protected":false},"excerpt":{"rendered":"<p>Relax wir k\u00fcmmern uns um die Details mit unserem deutsch- und englischsprachigen Team. Beratungsleistung Nutzen Sie unsere \u00fcber 25-j\u00e4hrige Erfahrung und unser Netzwerk in ganz Andalusien. Wir beraten und vermitteln Lieferanten. Organisation Logistik Unser Logistik Team plant Ihren Transport in die DACH Region. Verl\u00e4sslich und kostensparend durch unser einzigartiges Netzwerk. Verpackungs-Leistungen Die Verpackung Ihrer Produkte [&hellip;]<\/p>\n","protected":false},"author":1,"featured_media":0,"parent":0,"menu_order":0,"comment_status":"closed","ping_status":"closed","template":"","meta":{"site-sidebar-layout":"no-sidebar","site-content-layout":"page-builder","ast-site-content-layout":"","site-content-style":"default","site-sidebar-style":"default","ast-global-header-display":"","ast-banner-title-visibility":"","ast-main-header-display":"","ast-hfb-above-header-display":"","ast-hfb-below-header-display":"","ast-hfb-mobile-header-display":"","site-post-title":"disabled","ast-breadcrumbs-content":"","ast-featured-img":"disabled","footer-sml-layout":"","theme-transparent-header-meta":"","adv-header-id-meta":"","stick-header-meta":"","header-above-stick-meta":"","header-main-stick-meta":"","header-below-stick-meta":"","astra-migrate-meta-layouts":"default","ast-page-background-enabled":"default","ast-page-background-meta":{"desktop":{"background-color":"var(--ast-global-color-4)","background-image":"","background-repeat":"repeat","background-position":"center center","background-size":"auto","background-attachment":"scroll","background-type":"","background-media":"","overlay-type":"","overlay-color":"","overlay-opacity":"","overlay-gradient":""},"tablet":{"background-color":"","background-image":"","background-repeat":"repeat","background-position":"center center","background-size":"auto","background-attachment":"scroll","background-type":"","background-media":"","overlay-type":"","overlay-color":"","overlay-opacity":"","overlay-gradient":""},"mobile":{"background-color":"","background-image":"","background-repeat":"repeat","background-position":"center center","background-size":"auto","background-attachment":"scroll","background-type":"","background-media":"","overlay-type":"","overlay-color":"","overlay-opacity":"","overlay-gradient":""}},"ast-content-background-meta":{"desktop":{"background-color":"var(--ast-global-color-5)","background-image":"","background-repeat":"repeat","background-position":"center center","background-size":"auto","background-attachment":"scroll","background-type":"","background-media":"","overlay-type":"","overlay-color":"","overlay-opacity":"","overlay-gradient":""},"tablet":{"background-color":"var(--ast-global-color-5)","background-image":"","background-repeat":"repeat","background-position":"center center","background-size":"auto","background-attachment":"scroll","background-type":"","background-media":"","overlay-type":"","overlay-color":"","overlay-opacity":"","overlay-gradient":""},"mobile":{"background-color":"var(--ast-global-color-5)","background-image":"","background-repeat":"repeat","background-position":"center center","background-size":"auto","background-attachment":"scroll","background-type":"","background-media":"","overlay-type":"","overlay-color":"","overlay-opacity":"","overlay-gradient":""}},"footnotes":""},"class_list":["post-582","page","type-page","status-publish","hentry"],"_links":{"self":[{"href":"https:\/\/relaxfv.com\/de\/wp-json\/wp\/v2\/pages\/582","targetHints":{"allow":["GET"]}}],"collection":[{"href":"https:\/\/relaxfv.com\/de\/wp-json\/wp\/v2\/pages"}],"about":[{"href":"https:\/\/relaxfv.com\/de\/wp-json\/wp\/v2\/types\/page"}],"author":[{"embeddable":true,"href":"https:\/\/relaxfv.com\/de\/wp-json\/wp\/v2\/users\/1"}],"replies":[{"embeddable":true,"href":"https:\/\/relaxfv.com\/de\/wp-json\/wp\/v2\/comments?post=582"}],"version-history":[{"count":3,"href":"https:\/\/relaxfv.com\/de\/wp-json\/wp\/v2\/pages\/582\/revisions"}],"predecessor-version":[{"id":586,"href":"https:\/\/relaxfv.com\/de\/wp-json\/wp\/v2\/pages\/582\/revisions\/586"}],"wp:attachment":[{"href":"https:\/\/relaxfv.com\/de\/wp-json\/wp\/v2\/media?parent=582"}],"curies":[{"name":"wp","href":"https:\/\/api.w.org\/{rel}","templated":true}]}}